{"id":364,"date":"2024-08-27T20:14:33","date_gmt":"2024-08-27T18:14:33","guid":{"rendered":"https:\/\/container.bplaced.net\/sk-box\/?page_id=364"},"modified":"2024-12-06T10:48:39","modified_gmt":"2024-12-06T09:48:39","slug":"ab-in-den-urlaub","status":"publish","type":"page","link":"https:\/\/container.bplaced.net\/sk-box\/ab-in-den-urlaub\/","title":{"rendered":"Ab in den Urlaub!"},"content":{"rendered":"\n<figure class=\"wp-block-gallery has-nested-images columns-default is-cropped wp-block-gallery-1 is-layout-flex wp-block-gallery-is-layout-flex\">\n<figure class=\"wp-block-image size-large\"><img loading=\"lazy\" decoding=\"async\" width=\"1024\" height=\"768\" data-id=\"368\" src=\"https:\/\/container.bplaced.net\/sk-box\/wp-content\/uploads\/2024\/08\/IMG_0313-1024x768.jpeg\" alt=\"\" class=\"wp-image-368\" srcset=\"https:\/\/container.bplaced.net\/sk-box\/wp-content\/uploads\/2024\/08\/IMG_0313-1024x768.jpeg 1024w, https:\/\/container.bplaced.net\/sk-box\/wp-content\/uploads\/2024\/08\/IMG_0313-300x225.jpeg 300w, https:\/\/container.bplaced.net\/sk-box\/wp-content\/uploads\/2024\/08\/IMG_0313-768x576.jpeg 768w, https:\/\/container.bplaced.net\/sk-box\/wp-content\/uploads\/2024\/08\/IMG_0313-1536x1152.jpeg 1536w, https:\/\/container.bplaced.net\/sk-box\/wp-content\/uploads\/2024\/08\/IMG_0313-2048x1536.jpeg 2048w, https:\/\/container.bplaced.net\/sk-box\/wp-content\/uploads\/2024\/08\/IMG_0313-1200x900.jpeg 1200w\" sizes=\"auto, (max-width: 709px) 85vw, (max-width: 909px) 67vw, (max-width: 1362px) 62vw, 840px\" \/><\/figure>\n<\/figure>\n\n\n\n<h2 class=\"wp-block-heading\">Ich packe meine Koffer und nehme mit &#8230;<\/h2>\n\n\n\n<p>Zwei Kameras, diverse Teleobjektive, Festbrennweiten, ein stabiles Stativ\u2026 Alles, was das Herz eines Hobbyfotografen h\u00f6her schlagen l\u00e4sst, war dabei! Ich war voller Vorfreude und bereit, die besten Momente unseres Familienurlaubs festzuhalten. Die beeindruckenden Landschaften, die freudigen Gesichter meiner Kinder, die kleinen, besonderen Augenblicke \u2013 all das wollte ich mit meiner Kamera einfangen und f\u00fcr immer bewahren.<\/p>\n\n\n\n<p>Doch als es dann so weit war und Sohn voller Freude ins Meer rannte oder mein Tochter am Strand ihre Sandburg baute, griff ich automatisch\u2026 zum Handy. Ja, genau, nicht zur gro\u00dfen Kamera, sondern zum Smartphone. Kennt ihr das auch?<\/p>\n\n\n\n<p><strong>Warum das Handy oft die Nase vorn hat<\/strong><\/p>\n\n\n\n<p>Es ist eine typische Situation: Du stehst im perfekten Licht, die Sonne geht langsam unter, die Landschaft sieht aus wie ein Gem\u00e4lde, und du m\u00f6chtest dieses Bild unbedingt festhalten. Aber dann h\u00f6rst du pl\u00f6tzlich deine Kinder rufen: \u201ePapa, schau mal!\u201c Und genau in dem Moment, in dem sie etwas Aufregendes am Strand erleben, greifst du lieber schnell zum Handy, anstatt die Zeit mit dem Wechseln der Objektive zu verschwenden.<\/p>\n\n\n\n<p>Warum ist das so? Ganz einfach: Manchmal ist Geschwindigkeit wichtiger als die perfekte Ausr\u00fcstung. Du willst den Augenblick nicht verpassen, und das Handy ist einfach schnell zur Hand.<\/p>\n\n\n\n<p><strong>Flexibilit\u00e4t ist der Schl\u00fcssel<\/strong><\/p>\n\n\n\n<p>Was ich aus diesen Situationen gelernt habe und gerne mit anderen Fotografie-Enthusiasten \u2013 vor allem Eltern \u2013 teilen m\u00f6chte, ist Folgendes: Es ist v\u00f6llig in Ordnung, wenn man nicht immer die beste Ausr\u00fcstung benutzt. Es ist kein Drama, wenn die teure Kamera in der Tasche bleibt und das Handy die Arbeit \u00fcbernimmt. Denn am Ende geht es in der Fotografie nicht nur um Technik, sondern um die Momente, die wir festhalten wollen.<\/p>\n\n\n\n<p>Das bedeutet nicht, dass ich meine Profi-Kamera nicht mehr sch\u00e4tze. Nat\u00fcrlich liebe ich es, mit all den Funktionen und Objektiven zu spielen und tolle Bilder zu machen. Aber es ist auch beruhigend zu wissen, dass es in Ordnung ist, sich einfach auf den Moment zu konzentrieren und ihn mit dem festzuhalten, was gerade zur Hand ist.<\/p>\n\n\n\n<p><strong>Ein Rat f\u00fcr alle Fotografie-Eltern<\/strong><\/p>\n\n\n\n<p>Wenn du das n\u00e4chste Mal mit deiner Familie am Strand bist und deine Kinder im Sand spielen, Muscheln sammeln oder ins Meer laufen, denk daran: Der Moment ist einzigartig und unwiederbringlich. Es geht nicht darum, das perfekte Bild zu machen, sondern die Freude und das Leben festzuhalten. Greif zu dem, was gerade am schnellsten verf\u00fcgbar ist, und genie\u00dfe den Augenblick.<br><\/p>\n","protected":false},"excerpt":{"rendered":"<p>Ich packe meine Koffer und nehme mit &#8230; Zwei Kameras, diverse Teleobjektive, Festbrennweiten, ein stabiles Stativ\u2026 Alles, was das Herz eines Hobbyfotografen h\u00f6her schlagen l\u00e4sst, war dabei! Ich war voller Vorfreude und bereit, die besten Momente unseres Familienurlaubs festzuhalten. Die beeindruckenden Landschaften, die freudigen Gesichter meiner Kinder, die kleinen, besonderen Augenblicke \u2013 all das wollte &hellip; <a href=\"https:\/\/container.bplaced.net\/sk-box\/ab-in-den-urlaub\/\" class=\"more-link\"><span class=\"screen-reader-text\">\u201eAb in den Urlaub!\u201c <\/span>weiterlesen<\/a><\/p>\n","protected":false},"author":1,"featured_media":0,"parent":0,"menu_order":0,"comment_status":"closed","ping_status":"closed","template":"","meta":{"ngg_post_thumbnail":0,"footnotes":""},"class_list":["post-364","page","type-page","status-publish","hentry"],"_links":{"self":[{"href":"https:\/\/container.bplaced.net\/sk-box\/wp-json\/wp\/v2\/pages\/364","targetHints":{"allow":["GET"]}}],"collection":[{"href":"https:\/\/container.bplaced.net\/sk-box\/wp-json\/wp\/v2\/pages"}],"about":[{"href":"https:\/\/container.bplaced.net\/sk-box\/wp-json\/wp\/v2\/types\/page"}],"author":[{"embeddable":true,"href":"https:\/\/container.bplaced.net\/sk-box\/wp-json\/wp\/v2\/users\/1"}],"replies":[{"embeddable":true,"href":"https:\/\/container.bplaced.net\/sk-box\/wp-json\/wp\/v2\/comments?post=364"}],"version-history":[{"count":7,"href":"https:\/\/container.bplaced.net\/sk-box\/wp-json\/wp\/v2\/pages\/364\/revisions"}],"predecessor-version":[{"id":422,"href":"https:\/\/container.bplaced.net\/sk-box\/wp-json\/wp\/v2\/pages\/364\/revisions\/422"}],"wp:attachment":[{"href":"https:\/\/container.bplaced.net\/sk-box\/wp-json\/wp\/v2\/media?parent=364"}],"curies":[{"name":"wp","href":"https:\/\/api.w.org\/{rel}","templated":true}]}}