{"id":233,"date":"2024-07-13T17:34:34","date_gmt":"2024-07-13T15:34:34","guid":{"rendered":"http:\/\/container.bplaced.net\/sk-box\/?page_id=233"},"modified":"2024-07-13T17:41:08","modified_gmt":"2024-07-13T15:41:08","slug":"street-photography","status":"publish","type":"page","link":"https:\/\/container.bplaced.net\/sk-box\/street-photography\/","title":{"rendered":"Street Photography"},"content":{"rendered":"\n<p><\/p>\n\n\n\nngg_shortcode_0_placeholder\n\n\n\n<p>Ich habe wirklich lange dar\u00fcber nachgedacht, welches mein erstes Street-Foto \u00fcberhaupt sein k\u00f6nnte. Nach ausgiebigem St\u00f6bern in meinem Archiv bin ich schliesslich auf ein Foto von Klaus-J\u00fcrgen Spannhoff gestossen. Das Bild wurde am 30.08.2012 am Salzburger Dom aufgenommen.<\/p>\n\n\n\n<p>Es ist unglaublich spannend, auf diese Anfangszeit zur\u00fcckzublicken. Damals hatte ich noch kaum Erfahrung und wusste wenig \u00fcber die technischen Feinheiten der Fotografie. Trotzdem habe ich einfach drauflos fotografiert und versucht, den Moment festzuhalten. Und genau dieses Bild markiert den Anfang meiner Reise in die Welt der Street-Fotografie.<\/p>\n\n\n\n<p>Ich m\u00f6chte euch alle ermutigen, die sich f\u00fcr Fotografie begeistern: Habt keine Angst vor dem ersten Schritt und vor m\u00f6glichen Fehlern. Jeder von uns hat mal klein angefangen, und jedes Foto, das ihr macht, bringt euch ein St\u00fcck weiter. Seid neugierig, bleibt engagiert und reflektiert regelm\u00e4ssig \u00fcber euren Fortschritt.<br><\/p>\n\n\n\n<p>Also, schnappt euch eure Kamera und habt keine Angst, neue Dinge auszuprobieren. Die sch\u00f6nsten Momente sind oft die, die wir nicht geplant haben. \ud83d\ude09<br><\/p>\n","protected":false},"excerpt":{"rendered":"<p>Ich habe wirklich lange dar\u00fcber nachgedacht, welches mein erstes Street-Foto \u00fcberhaupt sein k\u00f6nnte. Nach ausgiebigem St\u00f6bern in meinem Archiv bin ich schliesslich auf ein Foto von Klaus-J\u00fcrgen Spannhoff gestossen. Das Bild wurde am 30.08.2012 am Salzburger Dom aufgenommen. Es ist unglaublich spannend, auf diese Anfangszeit zur\u00fcckzublicken. Damals hatte ich noch kaum Erfahrung und wusste wenig &hellip; <a href=\"https:\/\/container.bplaced.net\/sk-box\/street-photography\/\" class=\"more-link\"><span class=\"screen-reader-text\">\u201eStreet Photography\u201c <\/span>weiterlesen<\/a><\/p>\n","protected":false},"author":1,"featured_media":0,"parent":0,"menu_order":0,"comment_status":"closed","ping_status":"closed","template":"","meta":{"ngg_post_thumbnail":0,"footnotes":""},"class_list":["post-233","page","type-page","status-publish","hentry"],"_links":{"self":[{"href":"https:\/\/container.bplaced.net\/sk-box\/wp-json\/wp\/v2\/pages\/233","targetHints":{"allow":["GET"]}}],"collection":[{"href":"https:\/\/container.bplaced.net\/sk-box\/wp-json\/wp\/v2\/pages"}],"about":[{"href":"https:\/\/container.bplaced.net\/sk-box\/wp-json\/wp\/v2\/types\/page"}],"author":[{"embeddable":true,"href":"https:\/\/container.bplaced.net\/sk-box\/wp-json\/wp\/v2\/users\/1"}],"replies":[{"embeddable":true,"href":"https:\/\/container.bplaced.net\/sk-box\/wp-json\/wp\/v2\/comments?post=233"}],"version-history":[{"count":27,"href":"https:\/\/container.bplaced.net\/sk-box\/wp-json\/wp\/v2\/pages\/233\/revisions"}],"predecessor-version":[{"id":287,"href":"https:\/\/container.bplaced.net\/sk-box\/wp-json\/wp\/v2\/pages\/233\/revisions\/287"}],"wp:attachment":[{"href":"https:\/\/container.bplaced.net\/sk-box\/wp-json\/wp\/v2\/media?parent=233"}],"curies":[{"name":"wp","href":"https:\/\/api.w.org\/{rel}","templated":true}]}}