{"id":20,"date":"2019-04-12T13:32:32","date_gmt":"2019-04-12T11:32:32","guid":{"rendered":"http:\/\/container.bplaced.net\/sk-box\/?page_id=20"},"modified":"2025-01-02T18:59:33","modified_gmt":"2025-01-02T17:59:33","slug":"hallo-ich-bin-swen","status":"publish","type":"page","link":"https:\/\/container.bplaced.net\/sk-box\/hallo-ich-bin-swen\/","title":{"rendered":"Hallo, ich bin Swen!"},"content":{"rendered":"\n<p style=\"font-size:15px\"><strong>Und wie ich zum Fotografieren gekommen bin, erz\u00e4hle ich euch in diesem Beitrag<\/strong><\/p>\n\n\n<div class=\"wp-block-image\">\n<figure class=\"aligncenter is-resized\"><img loading=\"lazy\" decoding=\"async\" width=\"300\" height=\"169\" src=\"https:\/\/container.bplaced.net\/sk-box\/wp-content\/uploads\/2024\/11\/Swen-300x169.jpg\" alt=\"\" class=\"wp-image-383\" style=\"width:630px;height:auto\" srcset=\"https:\/\/container.bplaced.net\/sk-box\/wp-content\/uploads\/2024\/11\/Swen-300x169.jpg 300w, https:\/\/container.bplaced.net\/sk-box\/wp-content\/uploads\/2024\/11\/Swen-1024x576.jpg 1024w, https:\/\/container.bplaced.net\/sk-box\/wp-content\/uploads\/2024\/11\/Swen-768x432.jpg 768w, https:\/\/container.bplaced.net\/sk-box\/wp-content\/uploads\/2024\/11\/Swen-1536x864.jpg 1536w, https:\/\/container.bplaced.net\/sk-box\/wp-content\/uploads\/2024\/11\/Swen-1200x675.jpg 1200w, https:\/\/container.bplaced.net\/sk-box\/wp-content\/uploads\/2024\/11\/Swen.jpg 1608w\" sizes=\"auto, (max-width: 300px) 85vw, 300px\" \/><\/figure>\n<\/div>\n\n\n<p><\/p>\n\n\n\n<p style=\"font-size:15px\">GeKnipst&nbsp; habe ich schon immer ab und zu mal. Erst analog, dann digital und immer mit einer Sucher- oder Kompaktkamera. Das Ergebnis sah dann auch dementsprechend aus- das dachte ich zumindest zu diesem Zeitpunkt! Das zu fotografierende Objekt meist mittig, der Hintergrund unruhig und der Fokuspunkt war auch nicht immer da, wo ich ihn haben wollte.<\/p>\n\n\n\n<p><\/p>\n\n\n\n<p><strong>\u201eIst doch ganz einfach\u201c, dachte ich mir, bessere Kamera = bessere Fotos.<\/strong><\/p>\n\n\n\n<p><\/p>\n\n\n\n<p>Gef\u00fchlt habe ich mich mit meiner ersten Spiegelreflexkamera wie ein Profi. Die Kamera ist im Automatikmodus kinderleicht zu bedienen. Erst das zu fotografierende Objekt ausw\u00e4hlen, dann den Ausl\u00f6ser f\u00fcr das Scharfstellen gedr\u00fcckt halten und nach einem Piepton der Kamera den Ausl\u00f6ser durchdr\u00fccken und \u201eKLICK\u201c &#8211; FERTIG IST DAS FOTO \ud83d\ude42<\/p>\n\n\n\n<p><\/p>\n\n\n\n<p><strong>Nach Durchsicht der Fotos stand fest &#8211; das war wohl nix mit den besseren Fotos!<\/strong><\/p>\n\n\n\n<p><\/p>\n\n\n\n<p>Ja, technisch waren die Fotos mit der Spiegelreflexkamera sehr viel besser. Besonders das Bildrauschen bei schlechten Lichtverh\u00e4ltnissen, und die gestochen scharfe Fotos mit ca. 12,3&nbsp; Mio. Pixel, waren gegen\u00fcber einer Kompaktkamera mit 5 Mio. Pixel sehr beeindrucken, aber mein Bildaufbau war genauso gut oder schlecht wie mit jeder anderen Kompaktkamera auch.<\/p>\n\n\n\n<p><\/p>\n\n\n\n<p>Da meine Fotos nicht besser geworden sind habe ich mich gefragt: <\/p>\n\n\n\n<p><strong>\u201eWie entstehen eigentlich richtig gute Fotos\u201d <\/strong>und<strong> \u201e Wie machen das die Profis\u201d ?<\/strong><br><\/p>\n\n\n\n<p>Ab diesem Zeitpunkt habe ich angefangen mich sehr intensiv mit den Grundlagen des Fotografierens auseinanderzusetzen. Angefangen mit der&nbsp; Technik (Belichtungsdreieck), \u00fcber die Bildgestaltung (Bildaufbau) und Bearbeitung (Ausarbeitung der Fotos) bis hin zur Publikation von Fotos.<\/p>\n\n\n\n<p><strong>\u00dcber die Jahre habe ich folgendes gelernt:<\/strong><\/p>\n\n\n\n<ul class=\"wp-block-list\">\n<li>Nicht die bessere Kamera macht die besseren Fotos, die Technik kann lediglich unterst\u00fctzen<\/li>\n\n\n\n<li>die Bildbearbeitung wird immer eine wichtige Rolle bei der Bildgestaltung spielen<\/li>\n\n\n\n<li>Bei dem fertigen Produkt Foto&nbsp; gibt es kein eindeutiges richtig oder falsch, gut oder schlecht, sondern nur ein \u201cgef\u00e4llt mir\u201d oder \u201cgef\u00e4llt mir nicht\u201d.<\/li>\n<\/ul>\n\n\n\n<p><strong>Ich Knipse heute immer noch, aber auf eine andere Art und Weise \ud83d\ude09<\/strong><br><\/p>\n\n\n\n<p><\/p>\n","protected":false},"excerpt":{"rendered":"<p>Und wie ich zum Fotografieren gekommen bin, erz\u00e4hle ich euch in diesem Beitrag GeKnipst&nbsp; habe ich schon immer ab und zu mal. Erst analog, dann digital und immer mit einer Sucher- oder Kompaktkamera. Das Ergebnis sah dann auch dementsprechend aus- das dachte ich zumindest zu diesem Zeitpunkt! Das zu fotografierende Objekt meist mittig, der Hintergrund &hellip; <a href=\"https:\/\/container.bplaced.net\/sk-box\/hallo-ich-bin-swen\/\" class=\"more-link\"><span class=\"screen-reader-text\">\u201eHallo, ich bin Swen!\u201c <\/span>weiterlesen<\/a><\/p>\n","protected":false},"author":1,"featured_media":0,"parent":0,"menu_order":0,"comment_status":"closed","ping_status":"closed","template":"","meta":{"ngg_post_thumbnail":0,"footnotes":""},"class_list":["post-20","page","type-page","status-publish","hentry"],"_links":{"self":[{"href":"https:\/\/container.bplaced.net\/sk-box\/wp-json\/wp\/v2\/pages\/20","targetHints":{"allow":["GET"]}}],"collection":[{"href":"https:\/\/container.bplaced.net\/sk-box\/wp-json\/wp\/v2\/pages"}],"about":[{"href":"https:\/\/container.bplaced.net\/sk-box\/wp-json\/wp\/v2\/types\/page"}],"author":[{"embeddable":true,"href":"https:\/\/container.bplaced.net\/sk-box\/wp-json\/wp\/v2\/users\/1"}],"replies":[{"embeddable":true,"href":"https:\/\/container.bplaced.net\/sk-box\/wp-json\/wp\/v2\/comments?post=20"}],"version-history":[{"count":39,"href":"https:\/\/container.bplaced.net\/sk-box\/wp-json\/wp\/v2\/pages\/20\/revisions"}],"predecessor-version":[{"id":434,"href":"https:\/\/container.bplaced.net\/sk-box\/wp-json\/wp\/v2\/pages\/20\/revisions\/434"}],"wp:attachment":[{"href":"https:\/\/container.bplaced.net\/sk-box\/wp-json\/wp\/v2\/media?parent=20"}],"curies":[{"name":"wp","href":"https:\/\/api.w.org\/{rel}","templated":true}]}}