{"id":182,"date":"2020-12-22T19:21:36","date_gmt":"2020-12-22T18:21:36","guid":{"rendered":"http:\/\/container.bplaced.net\/sk-box\/?page_id=182"},"modified":"2026-03-31T13:58:06","modified_gmt":"2026-03-31T11:58:06","slug":"blog","status":"publish","type":"page","link":"https:\/\/container.bplaced.net\/sk-box\/blog\/","title":{"rendered":"PHOTOBOX;-) Blog"},"content":{"rendered":"\n<figure class=\"wp-block-image size-large\"><img loading=\"lazy\" decoding=\"async\" width=\"1024\" height=\"449\" src=\"https:\/\/container.bplaced.net\/sk-box\/wp-content\/uploads\/2024\/07\/Photoboxblog-1024x449.jpeg\" alt=\"\" class=\"wp-image-346\" srcset=\"https:\/\/container.bplaced.net\/sk-box\/wp-content\/uploads\/2024\/07\/Photoboxblog-1024x449.jpeg 1024w, https:\/\/container.bplaced.net\/sk-box\/wp-content\/uploads\/2024\/07\/Photoboxblog-300x132.jpeg 300w, https:\/\/container.bplaced.net\/sk-box\/wp-content\/uploads\/2024\/07\/Photoboxblog-768x337.jpeg 768w, https:\/\/container.bplaced.net\/sk-box\/wp-content\/uploads\/2024\/07\/Photoboxblog.jpeg 1140w\" sizes=\"auto, (max-width: 709px) 85vw, (max-width: 909px) 67vw, (max-width: 1362px) 62vw, 840px\" \/><\/figure>\n\n\n\n<p><\/p>\n\n\n\n<p><a href=\"https:\/\/container.bplaced.net\/sk-box\/street-photography\/\">STREET-PHOTOGRAPHY<\/a>   <br>Ich habe wirklich lange dar\u00fcber nachgedacht, welches mein erstes Street-Foto \u00fcberhaupt sein k\u00f6nnte. Nach ausgiebigem St\u00f6bern in meinem Archiv bin ich&#8230;<a href=\"https:\/\/container.bplaced.net\/sk-box\/street-photography\/\">weiterlesen<\/a> <\/p>\n\n\n\n<p><a href=\"https:\/\/container.bplaced.net\/sk-box\/baby-shooting\/\">BABY FOTOSHOOTING<\/a> <br>Lasst mich euch erz\u00e4hlen, warum ich total begeistert bin von einem Baby-Shooting! Es ist eine ganz besondere Art der Fotografie, bei der Zeit, Geduld und Feingef\u00fchl&#8230;<a href=\"https:\/\/container.bplaced.net\/sk-box\/baby-shooting\/\">weiterlesen<\/a><\/p>\n\n\n\n<div class=\"wp-block-columns is-layout-flex wp-container-core-columns-is-layout-9d6595d7 wp-block-columns-is-layout-flex\">\n<div class=\"wp-block-column is-layout-flow wp-block-column-is-layout-flow\" style=\"flex-basis:100%\">\n<p><a href=\"https:\/\/container.bplaced.net\/sk-box\/ab-in-den-urlaub\/\">AB IN DEN URLAUB<\/a> <br> Zwei Kameras, diverse Teleobjektive, Festbrennweiten, ein stabiles Stativ\u2026 Alles, was das Herz eines Hobbyfotografen h\u00f6her schlagen l\u00e4sst, war dabei! Ich war voller &#8230;<a href=\"https:\/\/container.bplaced.net\/sk-box\/ab-in-den-urlaub\/\" >weiterlesen<\/a><\/p>\n\n\n\n<p><a href=\"https:\/\/container.bplaced.net\/sk-box\/ueber-respekt-integritaet-und-die-wohlfuehlzone-am-set\/\">\u00dcber Respekt, Integrit\u00e4t und die Wohlf\u00fchlzone am Set<\/a> <br> Ich habe viel dar\u00fcber nachgedacht, was ein Fotoshooting wirklich ausmacht. Technik ist wichtig, aber \u00fcber die Jahre habe ich gelernt: All dieses Know-how r\u00fcckt &#8230;<a href=\"https:\/\/container.bplaced.net\/sk-box\/ueber-respekt-integritaet-und-die-wohlfuehlzone-am-set\/\" >weiterlesen<\/a><\/p>\n<\/div>\n<\/div>\n\n\n\n<p><\/p>\n","protected":false},"excerpt":{"rendered":"<p>STREET-PHOTOGRAPHY Ich habe wirklich lange dar\u00fcber nachgedacht, welches mein erstes Street-Foto \u00fcberhaupt sein k\u00f6nnte. Nach ausgiebigem St\u00f6bern in meinem Archiv bin ich&#8230;weiterlesen BABY FOTOSHOOTING Lasst mich euch erz\u00e4hlen, warum ich total begeistert bin von einem Baby-Shooting! Es ist eine ganz besondere Art der Fotografie, bei der Zeit, Geduld und Feingef\u00fchl&#8230;weiterlesen AB IN DEN URLAUB Zwei &hellip; <a href=\"https:\/\/container.bplaced.net\/sk-box\/blog\/\" class=\"more-link\"><span class=\"screen-reader-text\">\u201ePHOTOBOX;-) Blog\u201c <\/span>weiterlesen<\/a><\/p>\n","protected":false},"author":1,"featured_media":0,"parent":0,"menu_order":0,"comment_status":"closed","ping_status":"closed","template":"","meta":{"ngg_post_thumbnail":0,"footnotes":""},"class_list":["post-182","page","type-page","status-publish","hentry"],"_links":{"self":[{"href":"https:\/\/container.bplaced.net\/sk-box\/wp-json\/wp\/v2\/pages\/182","targetHints":{"allow":["GET"]}}],"collection":[{"href":"https:\/\/container.bplaced.net\/sk-box\/wp-json\/wp\/v2\/pages"}],"about":[{"href":"https:\/\/container.bplaced.net\/sk-box\/wp-json\/wp\/v2\/types\/page"}],"author":[{"embeddable":true,"href":"https:\/\/container.bplaced.net\/sk-box\/wp-json\/wp\/v2\/users\/1"}],"replies":[{"embeddable":true,"href":"https:\/\/container.bplaced.net\/sk-box\/wp-json\/wp\/v2\/comments?post=182"}],"version-history":[{"count":55,"href":"https:\/\/container.bplaced.net\/sk-box\/wp-json\/wp\/v2\/pages\/182\/revisions"}],"predecessor-version":[{"id":473,"href":"https:\/\/container.bplaced.net\/sk-box\/wp-json\/wp\/v2\/pages\/182\/revisions\/473"}],"wp:attachment":[{"href":"https:\/\/container.bplaced.net\/sk-box\/wp-json\/wp\/v2\/media?parent=182"}],"curies":[{"name":"wp","href":"https:\/\/api.w.org\/{rel}","templated":true}]}}