{"id":172,"date":"2020-12-22T19:03:19","date_gmt":"2020-12-22T18:03:19","guid":{"rendered":"http:\/\/container.bplaced.net\/sk-box\/?page_id=172"},"modified":"2024-07-13T10:02:30","modified_gmt":"2024-07-13T08:02:30","slug":"baby-shooting","status":"publish","type":"page","link":"https:\/\/container.bplaced.net\/sk-box\/baby-shooting\/","title":{"rendered":"Baby-Shooting"},"content":{"rendered":"\nngg_shortcode_0_placeholder\n\n\n\n<p><\/p>\n\n\n\n<p>Lasst mich euch erz\u00e4hlen, warum ich total begeistert bin von einem Baby-Shooting! Es ist eine ganz besondere Art der Fotografie, bei der Zeit, Geduld und Feingef\u00fchl absolut entscheidend sind. Und wisst ihr was? Es ist wirklich das Baby, das den Ton angibt und bestimmt, wann der perfekte Moment f\u00fcr ein Foto gekommen ist.<\/p>\n\n\n\n<p>Stellt euch vor, ihr seid im Raum, die Kamera bereit, und pl\u00f6tzlich zeigt der kleine neue Erdenb\u00fcrger sein s\u00fcssestes L\u00e4cheln &#8211; das ist einfach magisch! <\/p>\n\n\n\n<p>Es geht nicht darum, den perfekten Shot zu erzwingen, sondern darum, diesen einzigartigen, nat\u00fcrlichen Moment einzufangen.<\/p>\n\n\n\n<p>Und Mamas N\u00e4he? Unverzichtbar! Sie gibt dem Baby das Gef\u00fchl von Sicherheit und Geborgenheit, was die Atmosph\u00e4re f\u00fcr ein gelungenes Shooting erst richtig schafft. Es ist so sch\u00f6n zu sehen, wie sich diese Bindung in den Fotos widerspiegelt.<\/p>\n\n\n\n<p>Ich liebe es, bei jedem Shooting dazuzulernen und mich st\u00e4ndig zu verbessern. Jeder kleine Fortschritt motiviert mich noch mehr zu entdecken und auszuprobieren. Und falls ihr auch an Fotografie interessiert seid, lasst euch nicht entmutigen. Jeder f\u00e4ngt mal klein an, und es ist diese Leidenschaft und der Drang, immer weiter zu lernen, die euch zu grossartigen Fotografen machen werden.<\/p>\n\n\n\n<p>Also, schnappt euch eure Kamera und habt keine Angst, neue Dinge auszuprobieren. Die sch\u00f6nsten Momente sind oft die, die wir nicht geplant haben. Happy Shooting! \ud83d\ude09<br><\/p>\n","protected":false},"excerpt":{"rendered":"<p>Lasst mich euch erz\u00e4hlen, warum ich total begeistert bin von einem Baby-Shooting! Es ist eine ganz besondere Art der Fotografie, bei der Zeit, Geduld und Feingef\u00fchl absolut entscheidend sind. Und wisst ihr was? Es ist wirklich das Baby, das den Ton angibt und bestimmt, wann der perfekte Moment f\u00fcr ein Foto gekommen ist. Stellt euch &hellip; <a href=\"https:\/\/container.bplaced.net\/sk-box\/baby-shooting\/\" class=\"more-link\"><span class=\"screen-reader-text\">\u201eBaby-Shooting\u201c <\/span>weiterlesen<\/a><\/p>\n","protected":false},"author":1,"featured_media":0,"parent":0,"menu_order":0,"comment_status":"closed","ping_status":"closed","template":"","meta":{"ngg_post_thumbnail":0,"footnotes":""},"class_list":["post-172","page","type-page","status-publish","hentry"],"_links":{"self":[{"href":"https:\/\/container.bplaced.net\/sk-box\/wp-json\/wp\/v2\/pages\/172","targetHints":{"allow":["GET"]}}],"collection":[{"href":"https:\/\/container.bplaced.net\/sk-box\/wp-json\/wp\/v2\/pages"}],"about":[{"href":"https:\/\/container.bplaced.net\/sk-box\/wp-json\/wp\/v2\/types\/page"}],"author":[{"embeddable":true,"href":"https:\/\/container.bplaced.net\/sk-box\/wp-json\/wp\/v2\/users\/1"}],"replies":[{"embeddable":true,"href":"https:\/\/container.bplaced.net\/sk-box\/wp-json\/wp\/v2\/comments?post=172"}],"version-history":[{"count":10,"href":"https:\/\/container.bplaced.net\/sk-box\/wp-json\/wp\/v2\/pages\/172\/revisions"}],"predecessor-version":[{"id":270,"href":"https:\/\/container.bplaced.net\/sk-box\/wp-json\/wp\/v2\/pages\/172\/revisions\/270"}],"wp:attachment":[{"href":"https:\/\/container.bplaced.net\/sk-box\/wp-json\/wp\/v2\/media?parent=172"}],"curies":[{"name":"wp","href":"https:\/\/api.w.org\/{rel}","templated":true}]}}